{"id":151,"date":"2023-06-27T08:05:15","date_gmt":"2023-06-27T07:05:15","guid":{"rendered":"https:\/\/orient-oosten.org\/?page_id=151"},"modified":"2023-08-17T10:07:33","modified_gmt":"2023-08-17T09:07:33","slug":"geschiedenis-en-erkenning","status":"publish","type":"page","link":"https:\/\/orient-oosten.org\/nl\/geschiedenis-en-erkenning\/","title":{"rendered":"GESCHIEDENIS EN ERKENNING"},"content":{"rendered":"\t\t<div data-elementor-type=\"wp-page\" data-elementor-id=\"151\" class=\"elementor elementor-151\" data-elementor-post-type=\"page\">\n\t\t\t\t\t\t<section class=\"elementor-section elementor-top-section elementor-element elementor-element-0ebb0e7 elementor-section-stretched elementor-section-boxed elementor-section-height-default elementor-section-height-default\" data-id=\"0ebb0e7\" data-element_type=\"section\" data-e-type=\"section\" data-settings=\"{&quot;stretch_section&quot;:&quot;section-stretched&quot;,&quot;background_background&quot;:&quot;classic&quot;}\">\n\t\t\t\t\t\t<div class=\"elementor-container elementor-column-gap-default\">\n\t\t\t\t\t<div class=\"elementor-column elementor-col-100 elementor-top-column elementor-element elementor-element-527ef94\" data-id=\"527ef94\" data-element_type=\"column\" data-e-type=\"column\">\n\t\t\t<div class=\"elementor-widget-wrap elementor-element-populated\">\n\t\t\t\t\t\t<div class=\"elementor-element elementor-element-93255d1 elementor-widget elementor-widget-heading\" data-id=\"93255d1\" data-element_type=\"widget\" data-e-type=\"widget\" data-widget_type=\"heading.default\">\n\t\t\t\t<div class=\"elementor-widget-container\">\n\t\t\t\t\t<h2 class=\"elementor-heading-title elementor-size-default\">GESCHIEDENIS EN ERKENNING<\/h2>\t\t\t\t<\/div>\n\t\t\t\t<\/div>\n\t\t\t\t\t<\/div>\n\t\t<\/div>\n\t\t\t\t\t<\/div>\n\t\t<\/section>\n\t\t\t\t<section class=\"elementor-section elementor-top-section elementor-element elementor-element-f77aa8c elementor-section-stretched elementor-section-boxed elementor-section-height-default elementor-section-height-default\" data-id=\"f77aa8c\" data-element_type=\"section\" data-e-type=\"section\" data-settings=\"{&quot;stretch_section&quot;:&quot;section-stretched&quot;,&quot;background_background&quot;:&quot;classic&quot;}\">\n\t\t\t\t\t\t<div class=\"elementor-container elementor-column-gap-default\">\n\t\t\t\t\t<div class=\"elementor-column elementor-col-100 elementor-top-column elementor-element elementor-element-cf146bc\" data-id=\"cf146bc\" data-element_type=\"column\" data-e-type=\"column\">\n\t\t\t<div class=\"elementor-widget-wrap elementor-element-populated\">\n\t\t\t\t\t\t<div class=\"elementor-element elementor-element-d9160ab elementor-widget elementor-widget-text-editor\" data-id=\"d9160ab\" data-element_type=\"widget\" data-e-type=\"widget\" data-widget_type=\"text-editor.default\">\n\t\t\t\t<div class=\"elementor-widget-container\">\n\t\t\t\t\t\t\t\t\t<p>In 1932 richtte Mgr. Charles Lagier, directeur van het &#8220;Oeuvre d&#8217;Orient&#8221;, <strong>een afdeling <\/strong>op <strong>van de Franse vereniging voor hulp aan de Ori\u00ebntaalse kerken<\/strong> in Belgi\u00eb.<\/p><p>Onze vereniging, die <strong>in januari 1984 autonoom <\/strong>werd <strong>onder de naam &#8220;Solidarit\u00e9-Orient&#8221; \/ &#8220;Werk voor het Oosten&#8221;<\/strong>, heeft geprofiteerd van de vaardigheden van drie opeenvolgende directeuren: pater Serge Descy, priester van de Griekse Melkitisch-katholieke Kerk tot 1993, pater Jean-Marie Van Cangh, dominicaan en professor aan de Universiteit van Leuven en sinds mei 2013 Christian Cannuyer, professor aan de katholieke theologische faculteit in Rijsel. Hij had het beheer van het bulletin reeds in 1993 overgenomen.<\/p><p>\u201cWerk voor het Oosten\u201d<strong>, <\/strong><strong>erkend door de Belgische Bisschoppenconferentie<\/strong>, is <strong>lid van de Vereniging voor hulp aan de Oosterse kerken (R.O.A.C.O.)<\/strong> die rapporteert aan de Dicasterie voor de Oosterse Kerken. De leden, agentschappen en organisaties uit verschillende landen over de hele wereld, zetten zich in om financi\u00eble steun te verlenen aan christenen in het Oosten in verschillende sectoren, van gebedshuizen tot studiebeurzen, van onderwijsinstellingen tot sociale hulp en gezondheidszorg.<\/p><blockquote><p><span style=\"color: #000000;\"><em>&#8220;De woorden van het Westen hebben de woorden van het Oosten nodig als het Woord van God zijn onpeilbare rijkdom steeds duidelijker wil openbaren&#8221; (Johannes Paulus II).<\/em><\/span><\/p><p><span style=\"color: #000000;\"><em>&#8220;Het Midden-Oosten is een hoop, een hoop die we moeten koesteren&#8221; (Paus Franciscus, juni 2018)<\/em><\/span><\/p><p><span style=\"color: #000000;\"><em>&#8220;Meer dan de gebouwen die door de oorlog zijn verwoest, moeten we de levende stenen ter harte nemen die in het Oosten gewond en verspreid liggen&#8221; (Paus Franciscus, juni 2021).<\/em><\/span><\/p><\/blockquote><p>In 1994 eerde Koningin Fabiola ons door het verlenen van de <strong>Hoge Bescherming van Hare Majesteit de Koningin<\/strong> aan Solidarit\u00e9-Orient \/ Werk voor het Oosten. Sinds 2014 staat onze vereniging onder de Hoge Bescherming van Hare Majesteit Koningin Mathilde.<\/p>\t\t\t\t\t\t\t\t<\/div>\n\t\t\t\t<\/div>\n\t\t\t\t\t<\/div>\n\t\t<\/div>\n\t\t\t\t\t<\/div>\n\t\t<\/section>\n\t\t\t\t<\/div>\n\t\t","protected":false},"excerpt":{"rendered":"<p>GESCHIEDENIS EN ERKENNING In 1932 richtte Mgr. Charles Lagier, directeur van het &#8220;Oeuvre d&#8217;Orient&#8221;, een afdeling op van de Franse vereniging voor hulp aan de Ori\u00ebntaalse kerken in Belgi\u00eb. Onze vereniging, die in januari 1984 autonoom werd onder de naam &#8220;Solidarit\u00e9-Orient&#8221; \/ &#8220;Werk voor het Oosten&#8221;, heeft geprofiteerd van de vaardigheden van drie opeenvolgende directeuren: [&hellip;]<\/p>\n","protected":false},"author":1,"featured_media":0,"parent":0,"menu_order":0,"comment_status":"closed","ping_status":"closed","template":"","meta":{"site-sidebar-layout":"no-sidebar","site-content-layout":"plain-container","ast-site-content-layout":"default","site-content-style":"default","site-sidebar-style":"default","ast-global-header-display":"","ast-banner-title-visibility":"","ast-main-header-display":"","ast-hfb-above-header-display":"","ast-hfb-below-header-display":"","ast-hfb-mobile-header-display":"","site-post-title":"disabled","ast-breadcrumbs-content":"","ast-featured-img":"","footer-sml-layout":"","ast-disable-related-posts":"","theme-transparent-header-meta":"enabled","adv-header-id-meta":"","stick-header-meta":"","header-above-stick-meta":"","header-main-stick-meta":"","header-below-stick-meta":"","astra-migrate-meta-layouts":"default","ast-page-background-enabled":"default","ast-page-background-meta":{"desktop":{"background-color":"var(--ast-global-color-4)","background-image":"","background-repeat":"repeat","background-position":"center center","background-size":"auto","background-attachment":"scroll","background-type":"","background-media":"","overlay-type":"","overlay-color":"","overlay-opacity":"","overlay-gradient":""},"tablet":{"background-color":"","background-image":"","background-repeat":"repeat","background-position":"center center","background-size":"auto","background-attachment":"scroll","background-type":"","background-media":"","overlay-type":"","overlay-color":"","overlay-opacity":"","overlay-gradient":""},"mobile":{"background-color":"","background-image":"","background-repeat":"repeat","background-position":"center center","background-size":"auto","background-attachment":"scroll","background-type":"","background-media":"","overlay-type":"","overlay-color":"","overlay-opacity":"","overlay-gradient":""}},"ast-content-background-meta":{"desktop":{"background-color":"var(--ast-global-color-5)","background-image":"","background-repeat":"repeat","background-position":"center center","background-size":"auto","background-attachment":"scroll","background-type":"","background-media":"","overlay-type":"","overlay-color":"","overlay-opacity":"","overlay-gradient":""},"tablet":{"background-color":"var(--ast-global-color-5)","background-image":"","background-repeat":"repeat","background-position":"center center","background-size":"auto","background-attachment":"scroll","background-type":"","background-media":"","overlay-type":"","overlay-color":"","overlay-opacity":"","overlay-gradient":""},"mobile":{"background-color":"var(--ast-global-color-5)","background-image":"","background-repeat":"repeat","background-position":"center center","background-size":"auto","background-attachment":"scroll","background-type":"","background-media":"","overlay-type":"","overlay-color":"","overlay-opacity":"","overlay-gradient":""}},"footnotes":""},"class_list":["post-151","page","type-page","status-publish","hentry"],"_links":{"self":[{"href":"https:\/\/orient-oosten.org\/nl\/wp-json\/wp\/v2\/pages\/151","targetHints":{"allow":["GET"]}}],"collection":[{"href":"https:\/\/orient-oosten.org\/nl\/wp-json\/wp\/v2\/pages"}],"about":[{"href":"https:\/\/orient-oosten.org\/nl\/wp-json\/wp\/v2\/types\/page"}],"author":[{"embeddable":true,"href":"https:\/\/orient-oosten.org\/nl\/wp-json\/wp\/v2\/users\/1"}],"replies":[{"embeddable":true,"href":"https:\/\/orient-oosten.org\/nl\/wp-json\/wp\/v2\/comments?post=151"}],"version-history":[{"count":5,"href":"https:\/\/orient-oosten.org\/nl\/wp-json\/wp\/v2\/pages\/151\/revisions"}],"predecessor-version":[{"id":1495,"href":"https:\/\/orient-oosten.org\/nl\/wp-json\/wp\/v2\/pages\/151\/revisions\/1495"}],"wp:attachment":[{"href":"https:\/\/orient-oosten.org\/nl\/wp-json\/wp\/v2\/media?parent=151"}],"curies":[{"name":"wp","href":"https:\/\/api.w.org\/{rel}","templated":true}]}}