{"id":199,"date":"2023-06-28T06:59:37","date_gmt":"2023-06-28T05:59:37","guid":{"rendered":"https:\/\/orient-oosten.org\/?page_id=199"},"modified":"2026-01-31T10:21:54","modified_gmt":"2026-01-31T09:21:54","slug":"geschiedenis","status":"publish","type":"page","link":"https:\/\/orient-oosten.org\/nl\/geschiedenis\/","title":{"rendered":"GESCHIEDENIS"},"content":{"rendered":"\t\t<div data-elementor-type=\"wp-page\" data-elementor-id=\"199\" class=\"elementor elementor-199\" data-elementor-post-type=\"page\">\n\t\t\t\t\t\t<section class=\"elementor-section elementor-top-section elementor-element elementor-element-0ebb0e7 elementor-section-stretched elementor-section-boxed elementor-section-height-default elementor-section-height-default\" data-id=\"0ebb0e7\" data-element_type=\"section\" data-e-type=\"section\" data-settings=\"{&quot;stretch_section&quot;:&quot;section-stretched&quot;,&quot;background_background&quot;:&quot;classic&quot;}\">\n\t\t\t\t\t\t<div class=\"elementor-container elementor-column-gap-default\">\n\t\t\t\t\t<div class=\"elementor-column elementor-col-100 elementor-top-column elementor-element elementor-element-527ef94\" data-id=\"527ef94\" data-element_type=\"column\" data-e-type=\"column\">\n\t\t\t<div class=\"elementor-widget-wrap elementor-element-populated\">\n\t\t\t\t\t\t<div class=\"elementor-element elementor-element-93255d1 elementor-widget elementor-widget-heading\" data-id=\"93255d1\" data-element_type=\"widget\" data-e-type=\"widget\" data-widget_type=\"heading.default\">\n\t\t\t\t<div class=\"elementor-widget-container\">\n\t\t\t\t\t<h2 class=\"elementor-heading-title elementor-size-default\">GESCHIEDENIS<\/h2>\t\t\t\t<\/div>\n\t\t\t\t<\/div>\n\t\t\t\t\t<\/div>\n\t\t<\/div>\n\t\t\t\t\t<\/div>\n\t\t<\/section>\n\t\t\t\t<section class=\"elementor-section elementor-top-section elementor-element elementor-element-f77aa8c elementor-section-stretched elementor-section-boxed elementor-section-height-default elementor-section-height-default\" data-id=\"f77aa8c\" data-element_type=\"section\" data-e-type=\"section\" data-settings=\"{&quot;stretch_section&quot;:&quot;section-stretched&quot;,&quot;background_background&quot;:&quot;classic&quot;}\">\n\t\t\t\t\t\t<div class=\"elementor-container elementor-column-gap-default\">\n\t\t\t\t\t<div class=\"elementor-column elementor-col-100 elementor-top-column elementor-element elementor-element-cf146bc\" data-id=\"cf146bc\" data-element_type=\"column\" data-e-type=\"column\">\n\t\t\t<div class=\"elementor-widget-wrap elementor-element-populated\">\n\t\t\t\t\t\t<div class=\"elementor-element elementor-element-7c102a0 elementor-widget elementor-widget-heading\" data-id=\"7c102a0\" data-element_type=\"widget\" data-e-type=\"widget\" data-widget_type=\"heading.default\">\n\t\t\t\t<div class=\"elementor-widget-container\">\n\t\t\t\t\t<h5 class=\"elementor-heading-title elementor-size-default\">GESCHIEDENIS EN SPECIFICITEIT VAN DE KERKEN VAN HET CHRISTELIJKE NABIJE OOSTEN<\/h5>\t\t\t\t<\/div>\n\t\t\t\t<\/div>\n\t\t\t\t<div class=\"elementor-element elementor-element-d9160ab elementor-widget elementor-widget-text-editor\" data-id=\"d9160ab\" data-element_type=\"widget\" data-e-type=\"widget\" data-widget_type=\"text-editor.default\">\n\t\t\t\t<div class=\"elementor-widget-container\">\n\t\t\t\t\t\t\t\t\t<p>De Kerken van het Nabije Oosten, die geworteld zijn in het verste verleden van het christendom, hebben het geluk niet alleen de liturgische, maar ook de theologische verscheidenheid van hun oorsprong bewaard te hebben. In tegenstelling tot een vooropgezet idee, was de vroege Kerk geen uniform geheel, dat geleidelijk \u201cgedegradeerd\u201d werd door verdeeldheid en schisma\u2019s. Integendeel, vanaf het begin was er verscheidenheid. Dit is een van de belangrijkste verwezenlijkingen van het historisch onderzoek van de laatste decennia: wij weten nu dat het vroege christendom rijk was aan uiteenlopende gevoeligheden. Het Nieuwe Testament zelf getuigt hiervan, met vier evangeli\u00ebn van verschillende toon, waarin contrasterende christologie\u00ebn naar voren komen, verbonden met zo ver van elkaar verwijderde geschriften als de brieven van Paulus, de brief aan de Hebree\u00ebn, en die van Jacobus. Toen vanaf de vierde eeuw woorden en definities de benadering van het mysterie het Woord van de mens geworden God verstarden, werd deze verscheidenheid helaas een bron van scheidingen, een voorwendsel voor schisma\u2019s.<\/p><p>De Kerken van het Nabije Oosten lijden onder deze scheidingen die zij van het verleden hebben ge\u00ebrfd en die in de 7e eeuw de uitbreiding van de Islam in de hand hebben gewerkt. Na de concilies van Efeze (431) en Chalcedon (451) hebben twee theologische scholen die een verschillende christologie ontwikkelden, zogenaamde pre-Chalcedonische Kerken doen ontstaan, verdeeld in twee families die nu tegenover elkaar staan:<\/p><ol><li><span style=\"font-style: inherit; font-weight: inherit;\">De kerken die vroeger \u201cmonofysieten\u201d werden genoemd (de kopten in Egypte, de Ethiopi\u00ebrs, de Armeni\u00ebrs, de Aramee\u00ebrs) zijn erfgenamen van de school van Alexandri\u00eb en van een oosterse en zeer Bijbelse antropologie, volgens welke de eenheid van de persoon van Jezus zo volmaakt is dat men na de menswording in Hem niet meer kan spreken van een menselijke en een goddelijke natuur, maar van \u00e9\u00e9n goddelijk-menselijke natuur (in het Grieks: <\/span><em style=\"font-weight: inherit;\">mon\u00e8physis<\/em><span style=\"font-style: inherit; font-weight: inherit;\"><span style=\"font-style: inherit; font-weight: inherit;\"><span style=\"font-style: inherit; font-weight: inherit;\">). Net zoals bij ieder van ons, is het onmogelijk onderscheid te maken tussen de geestelijke en de lichamelijke natuur. Deze perceptie van de diepe eenheid van Christus is dikwijls verkeerd begrepen, alsof zij de menselijke natuur van Christus in gevaar bracht, door Hem geheel op te nemen in zijn goddelijkheid. Dit is niet het geval: het volstaat de teksten van de Koptische of Syrische liturgie\u00ebn te lezen om hiervan overtuigd te zijn. Over de menselijke natuur van Jezus wordt met tederheid nagedacht.<\/span><\/span><\/span><\/li><li>De zogenaamde \u201cNestoriaanse\u201d Kerk (omdat zij trouw is aan de nagedachtenis van Nestorius, patriarch van Constantinopel, veroordeeld te Efeze) of, beter nog, \u201cAssyrische\u201d, de Kerk van de Christenen van Irak en Iran, hangt af van de school van Antiochi\u00eb, die er zeer zorgvuldig op toeziet de menselijkheid en de goddelijkheid van Jezus te bevestigen, zonder deze twee te verwarren en zonder ze van elkaar te scheiden, wat daarover ook gezegd is. De aan Maria toegeschreven titel van Theotokos, \u201cmoeder van God\u201d, leek voor haar de deur te openen naar een soort vernietiging van de menselijkheid van Jezus. Was het niet beter om Maria \u201cmoeder van Christus\u201d te noemen, wetende dat Hij het mens geworden Woord van God was? Maar Nestorianisme bestaat niet in het scheiden van mens en God in Jezus, zoals nog al te vaak wordt beweerd. De liturgie van de Assyrische Kerk is ook op dit punt zeer duidelijk.<\/li><\/ol><p>Deze oude ruzies zijn niet meer relevant. Pre-Chalcedoni\u00ebrs en Chalcedoni\u00ebrs hebben hetzelfde geloof in dezelfde Christus, maar lange tijd wisten zij dat niet. In feite bestendigen hun respectieve christologie\u00ebn elkaars aanvullende en even legitieme gevoeligheden.<\/p><p>Het zou echter simplistisch zijn om de originaliteit van de Kerken van het Oosten te herleiden tot deze christologische kwesties alleen. In de loop der eeuwen hebben zij allen specifieke houdingen en talen ontwikkeld die ons in vele opzichten doen nadenken over de universaliteit van het \u201cRomeinse model\u201d dat de geschiedenis aan het Westen heeft opgelegd.<\/p><p>Wij zouden een groot aantal voorbeelden kunnen geven van deze gezonde verscheidenheid die de Oosterse Kerken in stand houden. Deze verscheidenheid verbaast ons misschien, en verbijstert ons soms, toch is deze verscheidenheid het beeld van de vroege Kerk en herinnert ons eraan dat er \u201cvele woningen zijn in het huis van de Vader\u201d.<\/p><ul><li><a href=\"https:\/\/orient-oosten.org\/wp-content\/uploads\/2023\/07\/b1-Verscheidenheiten.pdf\" target=\"_blank\" rel=\"noopener\">Volg deze link naar enkele voorbeelden van specifieke houdingen.<\/a><\/li><\/ul>\t\t\t\t\t\t\t\t<\/div>\n\t\t\t\t<\/div>\n\t\t\t\t\t<\/div>\n\t\t<\/div>\n\t\t\t\t\t<\/div>\n\t\t<\/section>\n\t\t\t\t<section class=\"elementor-section elementor-top-section elementor-element elementor-element-a109f40 elementor-section-boxed elementor-section-height-default elementor-section-height-default\" data-id=\"a109f40\" data-element_type=\"section\" data-e-type=\"section\">\n\t\t\t\t\t\t<div class=\"elementor-container elementor-column-gap-default\">\n\t\t\t\t\t<div class=\"elementor-column elementor-col-100 elementor-top-column elementor-element elementor-element-e15b683\" data-id=\"e15b683\" data-element_type=\"column\" data-e-type=\"column\">\n\t\t\t<div class=\"elementor-widget-wrap elementor-element-populated\">\n\t\t\t\t\t\t<div class=\"elementor-element elementor-element-3ca654c elementor-widget elementor-widget-heading\" data-id=\"3ca654c\" data-element_type=\"widget\" data-e-type=\"widget\" id=\"panorama\" data-widget_type=\"heading.default\">\n\t\t\t\t<div class=\"elementor-widget-container\">\n\t\t\t\t\t<h5 class=\"elementor-heading-title elementor-size-default\">PANORAMA VAN DE KERKEN VAN HET NABIJE OOSTEN, ETHIOPI\u00cb EN KERALA<\/h5>\t\t\t\t<\/div>\n\t\t\t\t<\/div>\n\t\t\t\t<section class=\"elementor-section elementor-inner-section elementor-element elementor-element-53da7ff elementor-section-boxed elementor-section-height-default elementor-section-height-default\" data-id=\"53da7ff\" data-element_type=\"section\" data-e-type=\"section\">\n\t\t\t\t\t\t<div class=\"elementor-container elementor-column-gap-default\">\n\t\t\t\t\t<div class=\"elementor-column elementor-col-25 elementor-inner-column elementor-element elementor-element-afe60e5\" data-id=\"afe60e5\" data-element_type=\"column\" data-e-type=\"column\">\n\t\t\t<div class=\"elementor-widget-wrap elementor-element-populated\">\n\t\t\t\t\t\t<div class=\"elementor-element elementor-element-01c4554 elementor-widget elementor-widget-image\" data-id=\"01c4554\" data-element_type=\"widget\" data-e-type=\"widget\" data-widget_type=\"image.default\">\n\t\t\t\t<div class=\"elementor-widget-container\">\n\t\t\t\t\t\t\t\t\t\t\t\t\t\t\t\t<a href=\"https:\/\/orient-oosten.org\/wp-content\/uploads\/2023\/07\/De-niet-chalcedonische-orthodoxe-Kerken.pdf\" target=\"_blank\">\n\t\t\t\t\t\t\t<img fetchpriority=\"high\" decoding=\"async\" width=\"600\" height=\"400\" src=\"https:\/\/orient-oosten.org\/wp-content\/uploads\/2023\/07\/Non-chalcedon.-Lalibela-Ethiopie-1.jpg\" class=\"attachment-large size-large wp-image-806\" alt=\"\" srcset=\"https:\/\/orient-oosten.org\/wp-content\/uploads\/2023\/07\/Non-chalcedon.-Lalibela-Ethiopie-1.jpg 600w, https:\/\/orient-oosten.org\/wp-content\/uploads\/2023\/07\/Non-chalcedon.-Lalibela-Ethiopie-1-300x200.jpg 300w\" sizes=\"(max-width: 600px) 100vw, 600px\" \/>\t\t\t\t\t\t\t\t<\/a>\n\t\t\t\t\t\t\t\t\t\t\t\t\t\t\t<\/div>\n\t\t\t\t<\/div>\n\t\t\t\t<div class=\"elementor-element elementor-element-399b3b7 elementor-widget elementor-widget-heading\" data-id=\"399b3b7\" data-element_type=\"widget\" data-e-type=\"widget\" data-widget_type=\"heading.default\">\n\t\t\t\t<div class=\"elementor-widget-container\">\n\t\t\t\t\t<h6 class=\"elementor-heading-title elementor-size-default\"><a href=\"https:\/\/orient-oosten.org\/wp-content\/uploads\/2026\/01\/De-niet-chalcedonische-orthodoxe-Kerken-1.pdf\" target=\"_blank\">DE NIET CHALCEDONISCHE \"ORTHODOXE\" KERKEN<\/a><\/h6>\t\t\t\t<\/div>\n\t\t\t\t<\/div>\n\t\t\t\t\t<\/div>\n\t\t<\/div>\n\t\t\t\t<div class=\"elementor-column elementor-col-25 elementor-inner-column elementor-element elementor-element-aaf73e0\" data-id=\"aaf73e0\" data-element_type=\"column\" data-e-type=\"column\">\n\t\t\t<div class=\"elementor-widget-wrap elementor-element-populated\">\n\t\t\t\t\t\t<div class=\"elementor-element elementor-element-5d38a86 elementor-widget elementor-widget-image\" data-id=\"5d38a86\" data-element_type=\"widget\" data-e-type=\"widget\" data-widget_type=\"image.default\">\n\t\t\t\t<div class=\"elementor-widget-container\">\n\t\t\t\t\t\t\t\t\t\t\t\t\t\t\t\t<a href=\"https:\/\/orient-oosten.org\/wp-content\/uploads\/2023\/07\/De-latijnse-Kerken-en-protestantsche-Kerken.pdf\" target=\"_blank\">\n\t\t\t\t\t\t\t<img decoding=\"async\" width=\"600\" height=\"400\" src=\"https:\/\/orient-oosten.org\/wp-content\/uploads\/2023\/07\/Latine-et-protest.-St-Sepulchre-Jerusalem-1.jpg\" class=\"attachment-large size-large wp-image-804\" alt=\"\" srcset=\"https:\/\/orient-oosten.org\/wp-content\/uploads\/2023\/07\/Latine-et-protest.-St-Sepulchre-Jerusalem-1.jpg 600w, https:\/\/orient-oosten.org\/wp-content\/uploads\/2023\/07\/Latine-et-protest.-St-Sepulchre-Jerusalem-1-300x200.jpg 300w\" sizes=\"(max-width: 600px) 100vw, 600px\" \/>\t\t\t\t\t\t\t\t<\/a>\n\t\t\t\t\t\t\t\t\t\t\t\t\t\t\t<\/div>\n\t\t\t\t<\/div>\n\t\t\t\t<div class=\"elementor-element elementor-element-6bf14f2 elementor-widget elementor-widget-heading\" data-id=\"6bf14f2\" data-element_type=\"widget\" data-e-type=\"widget\" data-widget_type=\"heading.default\">\n\t\t\t\t<div class=\"elementor-widget-container\">\n\t\t\t\t\t<h6 class=\"elementor-heading-title elementor-size-default\"><a href=\"https:\/\/orient-oosten.org\/wp-content\/uploads\/2023\/07\/De-latijnse-Kerken-en-protestantsche-Kerken.pdf\" target=\"_blank\">DE LATIJNSE KERKEN EN PROTESTANTEN IN<BR>HET NABIJE OOSTEN<\/a><\/h6>\t\t\t\t<\/div>\n\t\t\t\t<\/div>\n\t\t\t\t\t<\/div>\n\t\t<\/div>\n\t\t\t\t<div class=\"elementor-column elementor-col-25 elementor-inner-column elementor-element elementor-element-a105a38\" data-id=\"a105a38\" data-element_type=\"column\" data-e-type=\"column\">\n\t\t\t<div class=\"elementor-widget-wrap elementor-element-populated\">\n\t\t\t\t\t\t<div class=\"elementor-element elementor-element-23ef4ff elementor-widget elementor-widget-image\" data-id=\"23ef4ff\" data-element_type=\"widget\" data-e-type=\"widget\" data-widget_type=\"image.default\">\n\t\t\t\t<div class=\"elementor-widget-container\">\n\t\t\t\t\t\t\t\t\t\t\t\t\t\t\t\t<a href=\"https:\/\/orient-oosten.org\/wp-content\/uploads\/2024\/02\/De-Oosterse-katholieke-Kerken.pdf\" target=\"_blank\">\n\t\t\t\t\t\t\t<img decoding=\"async\" width=\"600\" height=\"400\" src=\"https:\/\/orient-oosten.org\/wp-content\/uploads\/2023\/07\/Orientale-catholique-Mon.StSerge-Syrie-1.jpg\" class=\"attachment-large size-large wp-image-808\" alt=\"\" srcset=\"https:\/\/orient-oosten.org\/wp-content\/uploads\/2023\/07\/Orientale-catholique-Mon.StSerge-Syrie-1.jpg 600w, https:\/\/orient-oosten.org\/wp-content\/uploads\/2023\/07\/Orientale-catholique-Mon.StSerge-Syrie-1-300x200.jpg 300w\" sizes=\"(max-width: 600px) 100vw, 600px\" \/>\t\t\t\t\t\t\t\t<\/a>\n\t\t\t\t\t\t\t\t\t\t\t\t\t\t\t<\/div>\n\t\t\t\t<\/div>\n\t\t\t\t<div class=\"elementor-element elementor-element-05e322f elementor-widget elementor-widget-heading\" data-id=\"05e322f\" data-element_type=\"widget\" data-e-type=\"widget\" data-widget_type=\"heading.default\">\n\t\t\t\t<div class=\"elementor-widget-container\">\n\t\t\t\t\t<h6 class=\"elementor-heading-title elementor-size-default\"><a href=\"https:\/\/orient-oosten.org\/wp-content\/uploads\/2024\/02\/De-Oosterse-katholieke-Kerken.pdf\" target=\"_blank\">DE OOSTERSE<BR>KATHOLIEKE KERKEN<\/a><\/h6>\t\t\t\t<\/div>\n\t\t\t\t<\/div>\n\t\t\t\t\t<\/div>\n\t\t<\/div>\n\t\t\t\t<div class=\"elementor-column elementor-col-25 elementor-inner-column elementor-element elementor-element-bcfca1a\" data-id=\"bcfca1a\" data-element_type=\"column\" data-e-type=\"column\">\n\t\t\t<div class=\"elementor-widget-wrap elementor-element-populated\">\n\t\t\t\t\t\t<div class=\"elementor-element elementor-element-fef9550 elementor-widget elementor-widget-image\" data-id=\"fef9550\" data-element_type=\"widget\" data-e-type=\"widget\" data-widget_type=\"image.default\">\n\t\t\t\t<div class=\"elementor-widget-container\">\n\t\t\t\t\t\t\t\t\t\t\t\t\t\t\t\t<a href=\"https:\/\/orient-oosten.org\/wp-content\/uploads\/2023\/07\/De-chalcedonisch-orthodoxe-Kerken.pdf\" target=\"_blank\">\n\t\t\t\t\t\t\t<img loading=\"lazy\" decoding=\"async\" width=\"600\" height=\"400\" src=\"https:\/\/orient-oosten.org\/wp-content\/uploads\/2023\/07\/Orthod.-chalced.-Mon.-SteCatherine-Sinai-1.jpg\" class=\"attachment-large size-large wp-image-810\" alt=\"\" srcset=\"https:\/\/orient-oosten.org\/wp-content\/uploads\/2023\/07\/Orthod.-chalced.-Mon.-SteCatherine-Sinai-1.jpg 600w, https:\/\/orient-oosten.org\/wp-content\/uploads\/2023\/07\/Orthod.-chalced.-Mon.-SteCatherine-Sinai-1-300x200.jpg 300w\" sizes=\"(max-width: 600px) 100vw, 600px\" \/>\t\t\t\t\t\t\t\t<\/a>\n\t\t\t\t\t\t\t\t\t\t\t\t\t\t\t<\/div>\n\t\t\t\t<\/div>\n\t\t\t\t<div class=\"elementor-element elementor-element-62a83f3 elementor-widget elementor-widget-heading\" data-id=\"62a83f3\" data-element_type=\"widget\" data-e-type=\"widget\" data-widget_type=\"heading.default\">\n\t\t\t\t<div class=\"elementor-widget-container\">\n\t\t\t\t\t<h6 class=\"elementor-heading-title elementor-size-default\"><a href=\"https:\/\/orient-oosten.org\/wp-content\/uploads\/2025\/09\/De-chalcedonisch-orthodoxe-Kerken-3.pdf\" target=\"_blank\">DE ORTHODOXE CHALCEDONISCHE KERKEN<\/a><\/h6>\t\t\t\t<\/div>\n\t\t\t\t<\/div>\n\t\t\t\t\t<\/div>\n\t\t<\/div>\n\t\t\t\t\t<\/div>\n\t\t<\/section>\n\t\t\t\t\t<\/div>\n\t\t<\/div>\n\t\t\t\t\t<\/div>\n\t\t<\/section>\n\t\t\t\t<section class=\"elementor-section elementor-top-section elementor-element elementor-element-1eb02b0 elementor-section-boxed elementor-section-height-default elementor-section-height-default\" data-id=\"1eb02b0\" data-element_type=\"section\" data-e-type=\"section\">\n\t\t\t\t\t\t<div class=\"elementor-container elementor-column-gap-default\">\n\t\t\t\t\t<div class=\"elementor-column elementor-col-100 elementor-top-column elementor-element elementor-element-48faca2\" data-id=\"48faca2\" data-element_type=\"column\" data-e-type=\"column\">\n\t\t\t<div class=\"elementor-widget-wrap elementor-element-populated\">\n\t\t\t\t\t\t<div class=\"elementor-element elementor-element-d9a8d5b elementor-widget elementor-widget-text-editor\" data-id=\"d9a8d5b\" data-element_type=\"widget\" data-e-type=\"widget\" data-widget_type=\"text-editor.default\">\n\t\t\t\t<div class=\"elementor-widget-container\">\n\t\t\t\t\t\t\t\t\t<p>Ontdek de verschillende gemeenschappen door een klik in de titels<br><em style=\"font-weight: inherit;\">(Gebruikte afkortingen&nbsp;: Z.H. = Zijne Heiligheid&nbsp;; Z.Z. = Zijne Zaligheid&nbsp;; Z.G.Z. = Zijne Goddelijke Zaligheid).<\/em><\/p><p><span style=\"font-style: inherit; font-weight: inherit;\">N.B. De aantallen gelovigen die bij deze Kerken worden vermeld zijn benaderingen en wisselen al naar gelang de geraadpleegde bronnen. Informatie is bijna altijd oncontroleerbaar, zowel in het Oosten als in de diaspora. Wij geven de schattingen die het meest waarschijnlijk lijken, maar zij moeten met reserve worden bekeken.<\/span><\/p>\t\t\t\t\t\t\t\t<\/div>\n\t\t\t\t<\/div>\n\t\t\t\t\t<\/div>\n\t\t<\/div>\n\t\t\t\t\t<\/div>\n\t\t<\/section>\n\t\t\t\t<\/div>\n\t\t","protected":false},"excerpt":{"rendered":"<p>GESCHIEDENIS GESCHIEDENIS EN SPECIFICITEIT VAN DE KERKEN VAN HET CHRISTELIJKE NABIJE OOSTEN De Kerken van het Nabije Oosten, die geworteld zijn in het verste verleden van het christendom, hebben het geluk niet alleen de liturgische, maar ook de theologische verscheidenheid van hun oorsprong bewaard te hebben. In tegenstelling tot een vooropgezet idee, was de vroege [&hellip;]<\/p>\n","protected":false},"author":1,"featured_media":0,"parent":0,"menu_order":0,"comment_status":"closed","ping_status":"closed","template":"","meta":{"site-sidebar-layout":"no-sidebar","site-content-layout":"plain-container","ast-site-content-layout":"default","site-content-style":"default","site-sidebar-style":"default","ast-global-header-display":"","ast-banner-title-visibility":"","ast-main-header-display":"","ast-hfb-above-header-display":"","ast-hfb-below-header-display":"","ast-hfb-mobile-header-display":"","site-post-title":"disabled","ast-breadcrumbs-content":"","ast-featured-img":"","footer-sml-layout":"","ast-disable-related-posts":"","theme-transparent-header-meta":"enabled","adv-header-id-meta":"","stick-header-meta":"","header-above-stick-meta":"","header-main-stick-meta":"","header-below-stick-meta":"","astra-migrate-meta-layouts":"default","ast-page-background-enabled":"default","ast-page-background-meta":{"desktop":{"background-color":"var(--ast-global-color-4)","background-image":"","background-repeat":"repeat","background-position":"center center","background-size":"auto","background-attachment":"scroll","background-type":"","background-media":"","overlay-type":"","overlay-color":"","overlay-opacity":"","overlay-gradient":""},"tablet":{"background-color":"","background-image":"","background-repeat":"repeat","background-position":"center center","background-size":"auto","background-attachment":"scroll","background-type":"","background-media":"","overlay-type":"","overlay-color":"","overlay-opacity":"","overlay-gradient":""},"mobile":{"background-color":"","background-image":"","background-repeat":"repeat","background-position":"center center","background-size":"auto","background-attachment":"scroll","background-type":"","background-media":"","overlay-type":"","overlay-color":"","overlay-opacity":"","overlay-gradient":""}},"ast-content-background-meta":{"desktop":{"background-color":"var(--ast-global-color-5)","background-image":"","background-repeat":"repeat","background-position":"center center","background-size":"auto","background-attachment":"scroll","background-type":"","background-media":"","overlay-type":"","overlay-color":"","overlay-opacity":"","overlay-gradient":""},"tablet":{"background-color":"var(--ast-global-color-5)","background-image":"","background-repeat":"repeat","background-position":"center center","background-size":"auto","background-attachment":"scroll","background-type":"","background-media":"","overlay-type":"","overlay-color":"","overlay-opacity":"","overlay-gradient":""},"mobile":{"background-color":"var(--ast-global-color-5)","background-image":"","background-repeat":"repeat","background-position":"center center","background-size":"auto","background-attachment":"scroll","background-type":"","background-media":"","overlay-type":"","overlay-color":"","overlay-opacity":"","overlay-gradient":""}},"footnotes":""},"class_list":["post-199","page","type-page","status-publish","hentry"],"_links":{"self":[{"href":"https:\/\/orient-oosten.org\/nl\/wp-json\/wp\/v2\/pages\/199","targetHints":{"allow":["GET"]}}],"collection":[{"href":"https:\/\/orient-oosten.org\/nl\/wp-json\/wp\/v2\/pages"}],"about":[{"href":"https:\/\/orient-oosten.org\/nl\/wp-json\/wp\/v2\/types\/page"}],"author":[{"embeddable":true,"href":"https:\/\/orient-oosten.org\/nl\/wp-json\/wp\/v2\/users\/1"}],"replies":[{"embeddable":true,"href":"https:\/\/orient-oosten.org\/nl\/wp-json\/wp\/v2\/comments?post=199"}],"version-history":[{"count":5,"href":"https:\/\/orient-oosten.org\/nl\/wp-json\/wp\/v2\/pages\/199\/revisions"}],"predecessor-version":[{"id":5522,"href":"https:\/\/orient-oosten.org\/nl\/wp-json\/wp\/v2\/pages\/199\/revisions\/5522"}],"wp:attachment":[{"href":"https:\/\/orient-oosten.org\/nl\/wp-json\/wp\/v2\/media?parent=199"}],"curies":[{"name":"wp","href":"https:\/\/api.w.org\/{rel}","templated":true}]}}